{"id":327,"date":"2025-08-01T17:22:06","date_gmt":"2025-08-01T17:22:06","guid":{"rendered":"https:\/\/silver-turkey-394401.hostingersite.com\/?page_id=327"},"modified":"2025-08-12T23:30:35","modified_gmt":"2025-08-12T23:30:35","slug":"how-to-start-selling-on-1-mercado-guide","status":"publish","type":"page","link":"https:\/\/1mercado.com\/es\/how-to-start-selling-on-1-mercado-guide\/","title":{"rendered":"Gu\u00eda Para Empezar a Vender en 1 Mercado"},"content":{"rendered":"<div data-elementor-type=\"wp-page\" data-elementor-id=\"327\" class=\"elementor elementor-327\">\n\t\t\t\t<div class=\"elementor-element elementor-element-b057e95 e-flex e-con-boxed e-con e-parent\" data-id=\"b057e95\" data-element_type=\"container\">\n\t\t\t\t\t<div class=\"e-con-inner\">\n\t\t\t\t<div class=\"elementor-element elementor-element-fb4eb97 elementor-widget elementor-widget-heading\" data-id=\"fb4eb97\" data-element_type=\"widget\" data-widget_type=\"heading.default\">\n\t\t\t\t\t<h2 class=\"elementor-heading-title elementor-size-default\">Primero, \u00a1tienes que registrarte!<\/h2>\t\t\t\t<\/div>\n\t\t\t\t\t<\/div>\n\t\t\t\t<\/div>\n\t\t<div class=\"elementor-element elementor-element-133b028 e-grid e-con-boxed e-con e-parent\" data-id=\"133b028\" data-element_type=\"container\">\n\t\t\t\t\t<div class=\"e-con-inner\">\n\t\t\t\t<div class=\"elementor-element elementor-element-b1c2f5e elementor-widget elementor-widget-text-editor\" data-id=\"b1c2f5e\" data-element_type=\"widget\" data-widget_type=\"text-editor.default\">\n\t\t\t\t\t\t\t\t\t<p><strong>Haga clic en el bot\u00f3n \"Registrarse\" para continuar y configurar una cuenta en nuestra plataforma. Si es vendedor, debe elegir la opci\u00f3n \"Soy un proveedor\". Luego, siga todos los pasos del proceso de registro. Es un proceso de registro muy r\u00e1pido.\u00a0<\/strong><\/p>\t\t\t\t\t\t\t\t<\/div>\n\t\t\t\t<div class=\"elementor-element elementor-element-3c8da14 elementor-align-center elementor-widget elementor-widget-button\" data-id=\"3c8da14\" data-element_type=\"widget\" data-no-translation=\"\" data-widget_type=\"button.default\">\n\t\t\t\t\t<style>.elementor-element-3c8da14{display:none !important}<\/style>\t\t\t\t<\/div>\n\t\t\t\t<div class=\"elementor-element elementor-element-b373343 elementor-align-center elementor-widget elementor-widget-button\" data-id=\"b373343\" data-element_type=\"widget\" data-no-translation=\"\" data-widget_type=\"button.default\">\n\t\t\t\t\t\t\t\t\t\t<a class=\"elementor-button elementor-button-link elementor-size-sm\" href=\"https:\/\/1mercado.com\/es\/my-account-2\/\" target=\"_blank\">\n\t\t\t\t\t\t<span class=\"elementor-button-content-wrapper\">\n\t\t\t\t\t\t\t\t\t<span class=\"elementor-button-text\">Registro<\/span>\n\t\t\t\t\t<\/span>\n\t\t\t\t\t<\/a>\n\t\t\t\t\t\t\t\t<\/div>\n\t\t\t\t\t<\/div>\n\t\t\t\t<\/div>\n\t\t<div class=\"elementor-element elementor-element-0d76bb0 e-grid e-con-boxed e-con e-parent\" data-id=\"0d76bb0\" data-element_type=\"container\">\n\t\t\t\t\t<div class=\"e-con-inner\">\n\t\t\t\t<div class=\"elementor-element elementor-element-8a1a8fd elementor-widget elementor-widget-image\" data-id=\"8a1a8fd\" data-element_type=\"widget\" data-no-translation=\"\" data-widget_type=\"image.default\">\n\t\t\t\t\t<style>.elementor-element-8a1a8fd{display:none !important}<\/style>\t\t\t\t<\/div>\n\t\t\t\t<div class=\"elementor-element elementor-element-e884f14 elementor-widget elementor-widget-image\" data-id=\"e884f14\" data-element_type=\"widget\" data-no-translation=\"\" data-widget_type=\"image.default\">\n\t\t\t\t\t\t\t\t\t\t\t\t\t\t\t<img fetchpriority=\"high\" decoding=\"async\" width=\"675\" height=\"594\" src=\"https:\/\/1mercado.com\/wp-content\/uploads\/2025\/08\/Screenshot-2025-08-06-084834.jpg\" class=\"attachment-full size-full wp-image-493\" alt=\"\" \/>\t\t\t\t\t\t\t\t\t\t\t\t\t\t\t<\/div>\n\t\t\t\t\t<\/div>\n\t\t\t\t<\/div>\n\t\t<div class=\"elementor-element elementor-element-09e5c74 e-flex e-con-boxed e-con e-parent\" data-id=\"09e5c74\" data-element_type=\"container\">\n\t\t\t\t\t<div class=\"e-con-inner\">\n\t\t\t\t<div class=\"elementor-element elementor-element-0c1ed98 elementor-widget elementor-widget-heading\" data-id=\"0c1ed98\" data-element_type=\"widget\" data-widget_type=\"heading.default\">\n\t\t\t\t\t<h2 class=\"elementor-heading-title elementor-size-default\">\u00a1A continuaci\u00f3n acceder\u00e1s al Panel de control del vendedor!<\/h2>\t\t\t\t<\/div>\n\t\t\t\t\t<\/div>\n\t\t\t\t<\/div>\n\t\t<div class=\"elementor-element elementor-element-873be2f e-grid e-con-boxed e-con e-parent\" data-id=\"873be2f\" data-element_type=\"container\">\n\t\t\t\t\t<div class=\"e-con-inner\">\n\t\t\t\t<div class=\"elementor-element elementor-element-b014e09 elementor-widget elementor-widget-text-editor\" data-id=\"b014e09\" data-element_type=\"widget\" data-widget_type=\"text-editor.default\">\n\t\t\t\t\t\t\t\t\t<p><strong>Despu\u00e9s de terminar de registrarse, llegar\u00e1 al Panel de vendedor. \u00a1Este es el lugar donde crear\u00e1 productos, administrar\u00e1 sus pedidos y recibir\u00e1 el pago!<\/strong><\/p>\t\t\t\t\t\t\t\t<\/div>\n\t\t\t\t\t<\/div>\n\t\t\t\t<\/div>\n\t\t<div class=\"elementor-element elementor-element-2abf795 e-con-full e-flex e-con e-parent\" data-id=\"2abf795\" data-element_type=\"container\">\n\t\t\t\t<div class=\"elementor-element elementor-element-dbe95e7 elementor-widget elementor-widget-image\" data-id=\"dbe95e7\" data-element_type=\"widget\" data-no-translation=\"\" data-widget_type=\"image.default\">\n\t\t\t\t\t<style>.elementor-element-dbe95e7{display:none !important}<\/style>\t\t\t\t<\/div>\n\t\t\t\t<div class=\"elementor-element elementor-element-a9737cd elementor-widget elementor-widget-image\" data-id=\"a9737cd\" data-element_type=\"widget\" data-widget_type=\"image.default\">\n\t\t\t\t\t\t\t\t\t\t\t\t\t\t\t<img decoding=\"async\" width=\"1804\" height=\"809\" src=\"https:\/\/1mercado.com\/wp-content\/uploads\/2025\/08\/Screenshot-2025-08-06-085745.jpg\" class=\"attachment-full size-full wp-image-497\" alt=\"\" \/>\t\t\t\t\t\t\t\t\t\t\t\t\t\t\t<\/div>\n\t\t\t\t<\/div>\n\t\t<div class=\"elementor-element elementor-element-18b059f e-flex e-con-boxed e-con e-parent\" data-id=\"18b059f\" data-element_type=\"container\">\n\t\t\t\t\t<div class=\"e-con-inner\">\n\t\t\t\t<div class=\"elementor-element elementor-element-ac1eb8d elementor-widget elementor-widget-heading\" data-id=\"ac1eb8d\" data-element_type=\"widget\" data-widget_type=\"heading.default\">\n\t\t\t\t\t<h2 class=\"elementor-heading-title elementor-size-default\">\u00a1A continuaci\u00f3n puedes listar un producto para vender!<\/h2>\t\t\t\t<\/div>\n\t\t\t\t\t<\/div>\n\t\t\t\t<\/div>\n\t\t<div class=\"elementor-element elementor-element-b62d2c1 e-grid e-con-boxed e-con e-parent\" data-id=\"b62d2c1\" data-element_type=\"container\">\n\t\t\t\t\t<div class=\"e-con-inner\">\n\t\t\t\t<div class=\"elementor-element elementor-element-07b26f8 elementor-widget elementor-widget-text-editor\" data-id=\"07b26f8\" data-element_type=\"widget\" data-widget_type=\"text-editor.default\">\n\t\t\t\t\t\t\t\t\t<p><strong>Contin\u00fae y haga clic en el bot\u00f3n \u201cProductos\u201d en el men\u00fa. Luego haga clic en \u201cAgregar nuevo producto\u201d.\u00a0\u00a0<\/strong><\/p>\t\t\t\t\t\t\t\t<\/div>\n\t\t\t\t\t<\/div>\n\t\t\t\t<\/div>\n\t\t<div class=\"elementor-element elementor-element-1f189db e-flex e-con-boxed e-con e-parent\" data-id=\"1f189db\" data-element_type=\"container\">\n\t\t\t\t\t<div class=\"e-con-inner\">\n\t\t\t\t<div class=\"elementor-element elementor-element-920c638 elementor-widget elementor-widget-image\" data-id=\"920c638\" data-element_type=\"widget\" data-no-translation=\"\" data-widget_type=\"image.default\">\n\t\t\t\t\t<style>.elementor-element-920c638{display:none !important}<\/style>\t\t\t\t<\/div>\n\t\t\t\t<div class=\"elementor-element elementor-element-22703ad elementor-widget elementor-widget-image\" data-id=\"22703ad\" data-element_type=\"widget\" data-no-translation=\"\" data-widget_type=\"image.default\">\n\t\t\t\t\t\t\t\t\t\t\t\t\t\t\t<img decoding=\"async\" width=\"1450\" height=\"408\" src=\"https:\/\/1mercado.com\/wp-content\/uploads\/2025\/08\/Screenshot-2025-08-06-091105.jpg\" class=\"attachment-full size-full wp-image-507\" alt=\"\" \/>\t\t\t\t\t\t\t\t\t\t\t\t\t\t\t<\/div>\n\t\t\t\t\t<\/div>\n\t\t\t\t<\/div>\n\t\t<div class=\"elementor-element elementor-element-eefdaa6 e-grid e-con-boxed e-con e-parent\" data-id=\"eefdaa6\" data-element_type=\"container\">\n\t\t\t\t\t<div class=\"e-con-inner\">\n\t\t\t\t<div class=\"elementor-element elementor-element-bcd64e2 elementor-widget elementor-widget-text-editor\" data-id=\"bcd64e2\" data-element_type=\"widget\" data-widget_type=\"text-editor.default\">\n\t\t\t\t\t\t\t\t\t<p><strong>Ahora contin\u00fae y complete los detalles de su producto. Repasemos cada campo.\u00a0\u00a0<\/strong><\/p><p><strong>El campo \"T\u00edtulo\" debe ser el nombre de su producto o servicio. Si est\u00e1 buscando trabajo y desea utilizar este mercado para que le paguen por realizar diferentes tareas, puede etiquetar el producto como \"[Su nombre] - Buscando trabajo Buscando realizar tareas\".\u00a0\u00a0<\/strong><\/p><p><strong>A la derecha, subir\u00e1s una imagen del producto o servicio. Si buscas trabajo, puedes publicar una imagen tuya. Si la imagen te pide que la recortes, puedes optar por \"Omitir recorte\", ya que esto puede generar un error.\u00a0<\/strong><\/p><p><strong>Puede elegir si el producto es \u201cDescargable\u201d (por ejemplo, si vende un libro electr\u00f3nico). Esto significa que puede adjuntar este producto al pedido para que el consumidor lo descargue cuando lo compre. Tambi\u00e9n puede marcar la casilla \u201cVirtual\u201d si el producto o servicio no es f\u00edsico.\u00a0\u00a0<\/strong><\/p><p><strong>En \u201cCategor\u00edas\u201d puedes elegir una categor\u00eda si se ajusta a tu producto o servicio; de lo contrario, puedes elegir \u201cSin categorizar\u201d.\u00a0<\/strong><\/p><p><strong>\u201cPrecio\u201d es la cantidad de dinero que desea cobrar por el producto o servicio. Nuestro equipo tomar\u00e1 el 5% de lo que venda el producto o servicio. Ver\u00e1 la parte \u201cUsted gana\u201d que indica cu\u00e1nto ganar\u00e1 realmente. Al seleccionar un precio, debe tener en cuenta los impuestos de env\u00edo y ventas para asegurarse de obtener ganancias.\u00a0\u00a0<\/strong><\/p><p><strong>\u201cPrecio con descuento\u201d es un precio reducido del precio original. Si elige completar esto, puede programar durante cu\u00e1nto tiempo desea que se ejecute.<\/strong><\/p><p><strong>En \u201cMarca\u201d puedes elegir una marca si se adapta a tu producto o servicio; de lo contrario, puedes dejarla en blanco.\u00a0<\/strong><\/p><p><strong>En \u201cEtiquetas\u201d puedes elegir una etiqueta si se ajusta a tu producto o servicio; de lo contrario, puedes dejarla en blanco. Esto ayuda a los consumidores a encontrar tu producto no solo por el t\u00edtulo, sino tambi\u00e9n por palabra clave.\u00a0<\/strong><\/p><p><strong>\u201cDescripci\u00f3n breve\u201d debe ser una descripci\u00f3n general del producto o servicio.<\/strong><\/p><p><strong>\u201cDescripci\u00f3n\u201d debe ser todos los detalles del producto o servicio.\u00a0<\/strong><\/p><p><strong>Para \"Inventario\", puede elegir \"Habilitar la gesti\u00f3n de stock de productos\" si tiene m\u00e1s de 1 cantidad del producto o servicio disponible en el inventario. Esto har\u00e1 que si alguien compra menos que su stock de inventario, el producto seguir\u00e1 estando disponible. Tambi\u00e9n puede seleccionar \"Permitir que solo se compre una cantidad de este producto en un solo pedido\" si solo desea que alguien pueda comprar 1 cantidad del producto a la vez. El \"Estado de stock\" tambi\u00e9n se puede cambiar seg\u00fan sea necesario.\u00a0<\/strong><\/p><p><strong>El \u201cEstado del producto\u201d ser\u00e1 \u201cPendiente de revisi\u00f3n\u201d cuando haga clic en enviar y no pasar\u00e1 al estado \u201cPublicado\u201d hasta que revisemos su producto y lo aprobemos.\u00a0<\/strong><\/p><p><strong>\u201cVisibilidad\u201d: puede configurarla en Visible.\u00a0<\/strong><\/p><p><strong>\u201cNota de compra\u201d: puede completar cualquier detalle adicional que desee que el cliente reciba al comprar el art\u00edculo.\u00a0\u00a0<\/strong><\/p><p><strong>Puede habilitar la opci\u00f3n \u201cRese\u00f1as de productos\u201d si desea que los clientes puedan dejar rese\u00f1as sobre nuestro producto.\u00a0<\/strong><\/p><p><strong>Por \u00faltimo, haga clic en \u201cEnviar\u201d y su producto pasar\u00e1 al estado \u201cPendiente\u201d hasta que nuestro equipo lo revise y lo apruebe.\u00a0<\/strong><\/p>\t\t\t\t\t\t\t\t<\/div>\n\t\t\t\t\t<\/div>\n\t\t\t\t<\/div>\n\t\t<div class=\"elementor-element elementor-element-a7b5e0b e-flex e-con-boxed e-con e-parent\" data-id=\"a7b5e0b\" data-element_type=\"container\">\n\t\t\t\t\t<div class=\"e-con-inner\">\n\t\t\t\t<div class=\"elementor-element elementor-element-2b7dc1d elementor-widget elementor-widget-image\" data-id=\"2b7dc1d\" data-element_type=\"widget\" data-no-translation=\"\" data-widget_type=\"image.default\">\n\t\t\t\t\t<style>.elementor-element-2b7dc1d{display:none !important}<\/style>\t\t\t\t<\/div>\n\t\t\t\t<div class=\"elementor-element elementor-element-ec7cb12 elementor-widget elementor-widget-image\" data-id=\"ec7cb12\" data-element_type=\"widget\" data-no-translation=\"\" data-widget_type=\"image.default\">\n\t\t\t\t\t\t\t\t\t\t\t\t\t\t\t<img loading=\"lazy\" decoding=\"async\" width=\"1573\" height=\"674\" src=\"https:\/\/1mercado.com\/wp-content\/uploads\/2025\/08\/Screenshot-2025-08-06-093536.jpg\" class=\"attachment-full size-full wp-image-513\" alt=\"\" \/>\t\t\t\t\t\t\t\t\t\t\t\t\t\t\t<\/div>\n\t\t\t\t\t<\/div>\n\t\t\t\t<\/div>\n\t\t<div class=\"elementor-element elementor-element-e78ab08 e-flex e-con-boxed e-con e-parent\" data-id=\"e78ab08\" data-element_type=\"container\">\n\t\t\t\t\t<div class=\"e-con-inner\">\n\t\t\t\t<div class=\"elementor-element elementor-element-69b7717 elementor-widget elementor-widget-image\" data-id=\"69b7717\" data-element_type=\"widget\" data-no-translation=\"\" data-widget_type=\"image.default\">\n\t\t\t\t\t<style>.elementor-element-69b7717{display:none !important}<\/style>\t\t\t\t<\/div>\n\t\t\t\t<div class=\"elementor-element elementor-element-b595b46 elementor-widget elementor-widget-image\" data-id=\"b595b46\" data-element_type=\"widget\" data-no-translation=\"\" data-widget_type=\"image.default\">\n\t\t\t\t\t\t\t\t\t\t\t\t\t\t\t<img loading=\"lazy\" decoding=\"async\" width=\"1170\" height=\"933\" src=\"https:\/\/1mercado.com\/wp-content\/uploads\/2025\/08\/Screenshot-2025-08-06-094103.jpg\" class=\"attachment-full size-full wp-image-517\" alt=\"\" \/>\t\t\t\t\t\t\t\t\t\t\t\t\t\t\t<\/div>\n\t\t\t\t\t<\/div>\n\t\t\t\t<\/div>\n\t\t<div class=\"elementor-element elementor-element-a2fd494 e-flex e-con-boxed e-con e-parent\" data-id=\"a2fd494\" data-element_type=\"container\">\n\t\t\t\t\t<div class=\"e-con-inner\">\n\t\t\t\t<div class=\"elementor-element elementor-element-7792e2c elementor-widget elementor-widget-image\" data-id=\"7792e2c\" data-element_type=\"widget\" data-no-translation=\"\" data-widget_type=\"image.default\">\n\t\t\t\t\t<style>.elementor-element-7792e2c{display:none !important}<\/style>\t\t\t\t<\/div>\n\t\t\t\t<div class=\"elementor-element elementor-element-c32bdf4 elementor-widget elementor-widget-image\" data-id=\"c32bdf4\" data-element_type=\"widget\" data-no-translation=\"\" data-widget_type=\"image.default\">\n\t\t\t\t\t\t\t\t\t\t\t\t\t\t\t<img loading=\"lazy\" decoding=\"async\" width=\"1286\" height=\"282\" src=\"https:\/\/1mercado.com\/wp-content\/uploads\/2025\/08\/Screenshot-2025-08-06-100221.jpg\" class=\"attachment-full size-full wp-image-521\" alt=\"\" \/>\t\t\t\t\t\t\t\t\t\t\t\t\t\t\t<\/div>\n\t\t\t\t\t<\/div>\n\t\t\t\t<\/div>\n\t\t<div class=\"elementor-element elementor-element-080a902 e-flex e-con-boxed e-con e-parent\" data-id=\"080a902\" data-element_type=\"container\">\n\t\t\t\t\t<div class=\"e-con-inner\">\n\t\t\t\t<div class=\"elementor-element elementor-element-e97d3fe elementor-widget elementor-widget-text-editor\" data-id=\"e97d3fe\" data-element_type=\"widget\" data-widget_type=\"text-editor.default\">\n\t\t\t\t\t\t\t\t\t<p><strong>Si hace clic en el bot\u00f3n \u201cProductos\u201d en el men\u00fa, ver\u00e1 que el producto ahora est\u00e1 en estado \u201cPendiente de revisi\u00f3n\u201d.<\/strong><\/p>\t\t\t\t\t\t\t\t<\/div>\n\t\t\t\t\t<\/div>\n\t\t\t\t<\/div>\n\t\t<div class=\"elementor-element elementor-element-d1a5a1f e-flex e-con-boxed e-con e-parent\" data-id=\"d1a5a1f\" data-element_type=\"container\">\n\t\t\t\t\t<div class=\"e-con-inner\">\n\t\t\t\t<div class=\"elementor-element elementor-element-b7b260f elementor-widget elementor-widget-image\" data-id=\"b7b260f\" data-element_type=\"widget\" data-no-translation=\"\" data-widget_type=\"image.default\">\n\t\t\t\t\t<style>.elementor-element-b7b260f{display:none !important}<\/style>\t\t\t\t<\/div>\n\t\t\t\t<div class=\"elementor-element elementor-element-988c708 elementor-widget elementor-widget-image\" data-id=\"988c708\" data-element_type=\"widget\" data-no-translation=\"\" data-widget_type=\"image.default\">\n\t\t\t\t\t\t\t\t\t\t\t\t\t\t\t<img loading=\"lazy\" decoding=\"async\" width=\"1368\" height=\"424\" src=\"https:\/\/1mercado.com\/wp-content\/uploads\/2025\/08\/Screenshot-2025-08-06-102547.jpg\" class=\"attachment-full size-full wp-image-531\" alt=\"\" \/>\t\t\t\t\t\t\t\t\t\t\t\t\t\t\t<\/div>\n\t\t\t\t\t<\/div>\n\t\t\t\t<\/div>\n\t\t<div class=\"elementor-element elementor-element-151b30b e-flex e-con-boxed e-con e-parent\" data-id=\"151b30b\" data-element_type=\"container\">\n\t\t\t\t\t<div class=\"e-con-inner\">\n\t\t\t\t<div class=\"elementor-element elementor-element-2a5947f elementor-widget elementor-widget-text-editor\" data-id=\"2a5947f\" data-element_type=\"widget\" data-widget_type=\"text-editor.default\">\n\t\t\t\t\t\t\t\t\t<p><strong>Una vez que nuestro equipo revise su producto y lo aprobemos, pasar\u00e1 al estado \"Publicado\" y estar\u00e1 a la venta.\u00a0<\/strong><\/p>\t\t\t\t\t\t\t\t<\/div>\n\t\t\t\t\t<\/div>\n\t\t\t\t<\/div>\n\t\t<div class=\"elementor-element elementor-element-880ddb7 e-flex e-con-boxed e-con e-parent\" data-id=\"880ddb7\" data-element_type=\"container\">\n\t\t\t\t\t<div class=\"e-con-inner\">\n\t\t\t\t<div class=\"elementor-element elementor-element-8738f81 elementor-widget elementor-widget-image\" data-id=\"8738f81\" data-element_type=\"widget\" data-no-translation=\"\" data-widget_type=\"image.default\">\n\t\t\t\t\t<style>.elementor-element-8738f81{display:none !important}<\/style>\t\t\t\t<\/div>\n\t\t\t\t<div class=\"elementor-element elementor-element-31ec8a9 elementor-widget elementor-widget-image\" data-id=\"31ec8a9\" data-element_type=\"widget\" data-no-translation=\"\" data-widget_type=\"image.default\">\n\t\t\t\t\t\t\t\t\t\t\t\t\t\t\t<img loading=\"lazy\" decoding=\"async\" width=\"1412\" height=\"432\" src=\"https:\/\/1mercado.com\/wp-content\/uploads\/2025\/08\/Screenshot-2025-08-06-103210.jpg\" class=\"attachment-full size-full wp-image-536\" alt=\"\" \/>\t\t\t\t\t\t\t\t\t\t\t\t\t\t\t<\/div>\n\t\t\t\t\t<\/div>\n\t\t\t\t<\/div>\n\t\t<div class=\"elementor-element elementor-element-65c2df2 e-flex e-con-boxed e-con e-parent\" data-id=\"65c2df2\" data-element_type=\"container\">\n\t\t\t\t\t<div class=\"e-con-inner\">\n\t\t\t\t<div class=\"elementor-element elementor-element-a740e0c elementor-widget elementor-widget-text-editor\" data-id=\"a740e0c\" data-element_type=\"widget\" data-widget_type=\"text-editor.default\">\n\t\t\t\t\t\t\t\t\t<p><strong>Si un cliente solicita su producto, ver\u00e1 aparecer un pedido en el men\u00fa \u201cPedidos\u201d y estar\u00e1 en estado \u201cProcesando\u201d.\u00a0<\/strong><\/p>\t\t\t\t\t\t\t\t<\/div>\n\t\t\t\t\t<\/div>\n\t\t\t\t<\/div>\n\t\t<div class=\"elementor-element elementor-element-1170dfa e-flex e-con-boxed e-con e-parent\" data-id=\"1170dfa\" data-element_type=\"container\">\n\t\t\t\t\t<div class=\"e-con-inner\">\n\t\t\t\t<div class=\"elementor-element elementor-element-95d39eb elementor-widget elementor-widget-image\" data-id=\"95d39eb\" data-element_type=\"widget\" data-no-translation=\"\" data-widget_type=\"image.default\">\n\t\t\t\t\t<style>.elementor-element-95d39eb{display:none !important}<\/style>\t\t\t\t<\/div>\n\t\t\t\t<div class=\"elementor-element elementor-element-e5a87da elementor-widget elementor-widget-image\" data-id=\"e5a87da\" data-element_type=\"widget\" data-no-translation=\"\" data-widget_type=\"image.default\">\n\t\t\t\t\t\t\t\t\t\t\t\t\t\t\t<img loading=\"lazy\" decoding=\"async\" width=\"1414\" height=\"314\" src=\"https:\/\/1mercado.com\/wp-content\/uploads\/2025\/08\/Screenshot-2025-08-06-103721.jpg\" class=\"attachment-full size-full wp-image-541\" alt=\"\" \/>\t\t\t\t\t\t\t\t\t\t\t\t\t\t\t<\/div>\n\t\t\t\t\t<\/div>\n\t\t\t\t<\/div>\n\t\t<div class=\"elementor-element elementor-element-b321e22 e-flex e-con-boxed e-con e-parent\" data-id=\"b321e22\" data-element_type=\"container\">\n\t\t\t\t\t<div class=\"e-con-inner\">\n\t\t\t\t<div class=\"elementor-element elementor-element-50ae853 elementor-widget elementor-widget-text-editor\" data-id=\"50ae853\" data-element_type=\"widget\" data-widget_type=\"text-editor.default\">\n\t\t\t\t\t\t\t\t\t<p><strong>Si hace clic en el pedido, ver\u00e1 todos los detalles del cliente y lo que pidi\u00f3.\u00a0\u00a0<\/strong><\/p><p><strong>En este punto, es hora de que decidas c\u00f3mo te gustar\u00eda entregar el producto al cliente. Puedes enviar el producto, entreg\u00e1rselo manualmente en persona, enviarle un correo electr\u00f3nico o una llamada y brindarle un servicio, o pueden descargar el producto.\u00a0\u00a0<\/strong><\/p>\t\t\t\t\t\t\t\t<\/div>\n\t\t\t\t\t<\/div>\n\t\t\t\t<\/div>\n\t\t<div class=\"elementor-element elementor-element-f8eebe0 e-flex e-con-boxed e-con e-parent\" data-id=\"f8eebe0\" data-element_type=\"container\">\n\t\t\t\t\t<div class=\"e-con-inner\">\n\t\t\t\t<div class=\"elementor-element elementor-element-5d4f1ca elementor-widget elementor-widget-image\" data-id=\"5d4f1ca\" data-element_type=\"widget\" data-no-translation=\"\" data-widget_type=\"image.default\">\n\t\t\t\t\t<style>.elementor-element-5d4f1ca{display:none !important}<\/style>\t\t\t\t<\/div>\n\t\t\t\t<div class=\"elementor-element elementor-element-ffc4830 elementor-widget elementor-widget-image\" data-id=\"ffc4830\" data-element_type=\"widget\" data-no-translation=\"\" data-widget_type=\"image.default\">\n\t\t\t\t\t\t\t\t\t\t\t\t\t\t\t<img loading=\"lazy\" decoding=\"async\" width=\"1378\" height=\"898\" src=\"https:\/\/1mercado.com\/wp-content\/uploads\/2025\/08\/Screenshot-2025-08-06-104107.jpg\" class=\"attachment-full size-full wp-image-545\" alt=\"\" \/>\t\t\t\t\t\t\t\t\t\t\t\t\t\t\t<\/div>\n\t\t\t\t\t<\/div>\n\t\t\t\t<\/div>\n\t\t<div class=\"elementor-element elementor-element-907fb32 e-flex e-con-boxed e-con e-parent\" data-id=\"907fb32\" data-element_type=\"container\">\n\t\t\t\t\t<div class=\"e-con-inner\">\n\t\t\t\t<div class=\"elementor-element elementor-element-07ea8f7 elementor-widget elementor-widget-text-editor\" data-id=\"07ea8f7\" data-element_type=\"widget\" data-widget_type=\"text-editor.default\">\n\t\t\t\t\t\t\t\t\t<p><strong>Una vez que haya entregado el producto o servicio, puede continuar y cambiar el estado del pedido en la parte superior derecha de la pantalla a \"Completado\" haciendo clic en \"Editar\". Una vez que el pedido se haya cambiado a \"Completado\", ahora recibir\u00e1 su pago por el producto en su saldo. Luego puede ir al men\u00fa \"Retirar\" para solicitar un retiro.\u00a0\u00a0<\/strong><\/p>\t\t\t\t\t\t\t\t<\/div>\n\t\t\t\t\t<\/div>\n\t\t\t\t<\/div>\n\t\t<div class=\"elementor-element elementor-element-a58e4bb e-flex e-con-boxed e-con e-parent\" data-id=\"a58e4bb\" data-element_type=\"container\">\n\t\t\t\t\t<div class=\"e-con-inner\">\n\t\t\t\t<div class=\"elementor-element elementor-element-c5fbf03 elementor-widget elementor-widget-image\" data-id=\"c5fbf03\" data-element_type=\"widget\" data-no-translation=\"\" data-widget_type=\"image.default\">\n\t\t\t\t\t<style>.elementor-element-c5fbf03{display:none !important}<\/style>\t\t\t\t<\/div>\n\t\t\t\t<div class=\"elementor-element elementor-element-6cc0f64 elementor-widget elementor-widget-image\" data-id=\"6cc0f64\" data-element_type=\"widget\" data-widget_type=\"image.default\">\n\t\t\t\t\t\t\t\t\t\t\t\t\t\t\t<img loading=\"lazy\" decoding=\"async\" width=\"1459\" height=\"285\" src=\"https:\/\/1mercado.com\/wp-content\/uploads\/2025\/08\/Screenshot-2025-08-06-104337.jpg\" class=\"attachment-full size-full wp-image-549\" alt=\"\" \/>\t\t\t\t\t\t\t\t\t\t\t\t\t\t\t<\/div>\n\t\t\t\t\t<\/div>\n\t\t\t\t<\/div>\n\t\t\t\t<\/div>","protected":false},"excerpt":{"rendered":"<p>First, you need to register! Click the &#8220;Register&#8221; button to go ahead and setup an account on our platform.\u00a0 If you are a seller, you should choose the &#8220;I am a vendor&#8221; option.\u00a0 Then follow all of the steps in the registration process.\u00a0 It is a very quick sign up process.\u00a0 Register Next, you will<\/p>","protected":false},"author":1,"featured_media":293,"parent":0,"menu_order":0,"comment_status":"closed","ping_status":"closed","template":"","meta":{"solace_meta_sidebar":"","solace_meta_container":"","solace_meta_enable_content_width":"","solace_meta_content_width":0,"solace_meta_title_alignment":"","solace_meta_author_avatar":"","solace_post_elements_order":"","solace_meta_disable_header":"","solace_meta_disable_footer":"","solace_meta_disable_title":"","iawp_total_views":77,"footnotes":""},"class_list":["post-327","page","type-page","status-publish","has-post-thumbnail","hentry"],"_links":{"self":[{"href":"https:\/\/1mercado.com\/es\/wp-json\/wp\/v2\/pages\/327","targetHints":{"allow":["GET"]}}],"collection":[{"href":"https:\/\/1mercado.com\/es\/wp-json\/wp\/v2\/pages"}],"about":[{"href":"https:\/\/1mercado.com\/es\/wp-json\/wp\/v2\/types\/page"}],"author":[{"embeddable":true,"href":"https:\/\/1mercado.com\/es\/wp-json\/wp\/v2\/users\/1"}],"replies":[{"embeddable":true,"href":"https:\/\/1mercado.com\/es\/wp-json\/wp\/v2\/comments?post=327"}],"version-history":[{"count":97,"href":"https:\/\/1mercado.com\/es\/wp-json\/wp\/v2\/pages\/327\/revisions"}],"predecessor-version":[{"id":607,"href":"https:\/\/1mercado.com\/es\/wp-json\/wp\/v2\/pages\/327\/revisions\/607"}],"wp:featuredmedia":[{"embeddable":true,"href":"https:\/\/1mercado.com\/es\/wp-json\/wp\/v2\/media\/293"}],"wp:attachment":[{"href":"https:\/\/1mercado.com\/es\/wp-json\/wp\/v2\/media?parent=327"}],"curies":[{"name":"wp","href":"https:\/\/api.w.org\/{rel}","templated":true}]}}