{"id":47,"date":"2025-07-30T19:25:13","date_gmt":"2025-07-30T19:25:13","guid":{"rendered":"https:\/\/silver-turkey-394401.hostingersite.com\/contact\/"},"modified":"2025-08-03T18:50:44","modified_gmt":"2025-08-03T18:50:44","slug":"contact","status":"publish","type":"page","link":"https:\/\/1mercado.com\/es\/contact\/","title":{"rendered":"Contacto"},"content":{"rendered":"<div data-elementor-type=\"wp-page\" data-elementor-id=\"47\" class=\"elementor elementor-47\">\n\t\t\t\t<div class=\"elementor-element elementor-element-722970b4 e-con-full e-flex e-con e-parent\" data-id=\"722970b4\" data-element_type=\"container\" data-settings=\"{&quot;background_background&quot;:&quot;classic&quot;}\">\n\t\t<div class=\"elementor-element elementor-element-4591f731 e-flex e-con-boxed e-con e-child\" data-id=\"4591f731\" data-element_type=\"container\">\n\t\t\t\t\t<div class=\"e-con-inner\">\n\t\t\t\t<div class=\"elementor-element elementor-element-320e3938 elementor-widget elementor-widget-heading\" data-id=\"320e3938\" data-element_type=\"widget\" data-widget_type=\"heading.default\">\n\t\t\t\t\t<h1 class=\"elementor-heading-title elementor-size-default\">Contacto<\/h1>\t\t\t\t<\/div>\n\t\t\t\t\t<\/div>\n\t\t\t\t<\/div>\n\t\t\t\t<\/div>\n\t\t<div class=\"elementor-element elementor-element-3a6fb5f2 e-flex e-con-boxed e-con e-parent\" data-id=\"3a6fb5f2\" data-element_type=\"container\" data-settings=\"{&quot;background_background&quot;:&quot;classic&quot;}\">\n\t\t\t\t\t<div class=\"e-con-inner\">\n\t\t<div class=\"elementor-element elementor-element-681e759a e-flex e-con-boxed e-con e-child\" data-id=\"681e759a\" data-element_type=\"container\">\n\t\t\t\t\t<div class=\"e-con-inner\">\n\t\t<div class=\"elementor-element elementor-element-38c4e6f2 e-flex e-con-boxed e-con e-child\" data-id=\"38c4e6f2\" data-element_type=\"container\" data-settings=\"{&quot;background_background&quot;:&quot;classic&quot;}\">\n\t\t\t\t\t<div class=\"e-con-inner\">\n\t\t<div class=\"elementor-element elementor-element-2e8c646 e-con-full e-flex e-con e-child\" data-id=\"2e8c646\" data-element_type=\"container\">\n\t\t\t\t<div class=\"elementor-element elementor-element-2ea08749 elementor-widget elementor-widget-heading\" data-id=\"2ea08749\" data-element_type=\"widget\" data-widget_type=\"heading.default\">\n\t\t\t\t\t<div class=\"elementor-heading-title elementor-size-default\">Contacta con nosotros<\/div>\t\t\t\t<\/div>\n\t\t\t\t<div class=\"elementor-element elementor-element-7cb6834b elementor-widget elementor-widget-text-editor\" data-id=\"7cb6834b\" data-element_type=\"widget\" data-widget_type=\"text-editor.default\">\n\t\t\t\t\t\t\t\t\t<p>Si tiene alguna pregunta o inquietud, comun\u00edquese con nosotros a la direcci\u00f3n de correo electr\u00f3nico que aparece a continuaci\u00f3n.<\/p>\t\t\t\t\t\t\t\t<\/div>\n\t\t\t\t<div class=\"elementor-element elementor-element-27e1dfc elementor-widget-divider--view-line elementor-widget elementor-widget-divider\" data-id=\"27e1dfc\" data-element_type=\"widget\" data-widget_type=\"divider.default\">\n\t\t\t\t\t\t\t<div class=\"elementor-divider\">\n\t\t\t<span class=\"elementor-divider-separator\">\n\t\t\t\t\t\t<\/span>\n\t\t<\/div>\n\t\t\t\t\t\t<\/div>\n\t\t<div class=\"elementor-element elementor-element-7ef95bb6 e-con-full e-flex e-con e-child\" data-id=\"7ef95bb6\" data-element_type=\"container\">\n\t\t\t\t<div class=\"elementor-element elementor-element-42a5939b elementor-view-stacked elementor-position-left elementor-tablet-position-top elementor-shape-circle elementor-mobile-position-top elementor-widget elementor-widget-icon-box\" data-id=\"42a5939b\" data-element_type=\"widget\" data-widget_type=\"icon-box.default\">\n\t\t\t\t\t\t\t<div class=\"elementor-icon-box-wrapper\">\n\n\t\t\t\t\t\t<div class=\"elementor-icon-box-icon\">\n\t\t\t\t<span  class=\"elementor-icon\">\n\t\t\t\t<svg xmlns=\"http:\/\/www.w3.org\/2000\/svg\" xmlns:xlink=\"http:\/\/www.w3.org\/1999\/xlink\" xmlns:serif=\"http:\/\/www.serif.com\/\" width=\"100%\" height=\"100%\" viewbox=\"0 0 20 16\" xml:space=\"preserve\" style=\"fill-rule:evenodd;clip-rule:evenodd;stroke-linejoin:round;stroke-miterlimit:2;\">    <g transform=\"matrix(1,0,0,1,-102,-11)\">        <g>            <path d=\"M119,11.5L105,11.5C103.619,11.5 102.5,12.619 102.5,14C102.5,14 102.5,24 102.5,24C102.5,25.381 103.619,26.5 105,26.5C105,26.5 119,26.5 119,26.5C120.381,26.5 121.5,25.381 121.5,24L121.5,14C121.5,12.619 120.381,11.5 119,11.5ZM119,12.5C119.829,12.5 120.5,13.172 120.5,14C120.5,14 120.5,24 120.5,24C120.5,24.828 119.829,25.5 119,25.5L105,25.5C104.171,25.5 103.5,24.828 103.5,24L103.5,14C103.5,13.172 104.171,12.5 105,12.5C105,12.5 119,12.5 119,12.5Z\"><\/path>            <path d=\"M102.723,14.416L111.723,20.416C111.891,20.528 112.109,20.528 112.277,20.416L121.277,14.416C121.507,14.263 121.569,13.952 121.416,13.723C121.263,13.493 120.952,13.431 120.723,13.584L112,19.399C112,19.399 103.277,13.584 103.277,13.584C103.048,13.431 102.737,13.493 102.584,13.723C102.431,13.952 102.493,14.263 102.723,14.416Z\"><\/path>        <\/g>    <\/g><\/svg>\t\t\t\t<\/span>\n\t\t\t<\/div>\n\t\t\t\n\t\t\t\t\t\t<div class=\"elementor-icon-box-content\">\n\n\t\t\t\t\t\t\t\t\t<h3 class=\"elementor-icon-box-title\">\n\t\t\t\t\t\t<span  >\n\t\t\t\t\t\t\tEmail address\t\t\t\t\t\t<\/span>\n\t\t\t\t\t<\/h3>\n\t\t\t\t\n\t\t\t\t\t\t\t\t\t<p class=\"elementor-icon-box-description\">\n\t\t\t\t\t\tadmin@1mercado.com\t\t\t\t\t<\/p>\n\t\t\t\t\n\t\t\t<\/div>\n\t\t\t\n\t\t<\/div>\n\t\t\t\t\t\t<\/div>\n\t\t\t\t<\/div>\n\t\t\t\t<\/div>\n\t\t\t\t\t<\/div>\n\t\t\t\t<\/div>\n\t\t\t\t\t<\/div>\n\t\t\t\t<\/div>\n\t\t\t\t\t<\/div>\n\t\t\t\t<\/div>\n\t\t\t\t<\/div>","protected":false},"excerpt":{"rendered":"<p>Contact. Contact Us If you have any questions or concerns, please contact us at the email address below! Email address admin@1mercado.com<\/p>","protected":false},"author":1,"featured_media":0,"parent":0,"menu_order":0,"comment_status":"closed","ping_status":"closed","template":"elementor_header_footer","meta":{"solace_meta_sidebar":"","solace_meta_container":"","solace_meta_enable_content_width":"","solace_meta_content_width":0,"solace_meta_title_alignment":"","solace_meta_author_avatar":"","solace_post_elements_order":"","solace_meta_disable_header":"","solace_meta_disable_footer":"","solace_meta_disable_title":"","iawp_total_views":18,"footnotes":""},"class_list":["post-47","page","type-page","status-publish","hentry"],"_links":{"self":[{"href":"https:\/\/1mercado.com\/es\/wp-json\/wp\/v2\/pages\/47","targetHints":{"allow":["GET"]}}],"collection":[{"href":"https:\/\/1mercado.com\/es\/wp-json\/wp\/v2\/pages"}],"about":[{"href":"https:\/\/1mercado.com\/es\/wp-json\/wp\/v2\/types\/page"}],"author":[{"embeddable":true,"href":"https:\/\/1mercado.com\/es\/wp-json\/wp\/v2\/users\/1"}],"replies":[{"embeddable":true,"href":"https:\/\/1mercado.com\/es\/wp-json\/wp\/v2\/comments?post=47"}],"version-history":[{"count":7,"href":"https:\/\/1mercado.com\/es\/wp-json\/wp\/v2\/pages\/47\/revisions"}],"predecessor-version":[{"id":418,"href":"https:\/\/1mercado.com\/es\/wp-json\/wp\/v2\/pages\/47\/revisions\/418"}],"wp:attachment":[{"href":"https:\/\/1mercado.com\/es\/wp-json\/wp\/v2\/media?parent=47"}],"curies":[{"name":"wp","href":"https:\/\/api.w.org\/{rel}","templated":true}]}}