{"id":76,"date":"2025-07-30T19:25:36","date_gmt":"2025-07-30T19:25:36","guid":{"rendered":"https:\/\/silver-turkey-394401.hostingersite.com\/home\/"},"modified":"2025-08-17T20:04:32","modified_gmt":"2025-08-17T20:04:32","slug":"home","status":"publish","type":"page","link":"https:\/\/1mercado.com\/es\/","title":{"rendered":"Hogar"},"content":{"rendered":"<div data-elementor-type=\"wp-page\" data-elementor-id=\"76\" class=\"elementor elementor-76\">\n\t\t\t\t<div class=\"elementor-element elementor-element-7cae1e81 e-con-full e-flex e-con e-parent\" data-id=\"7cae1e81\" data-element_type=\"container\">\n\t\t\t\t<div class=\"elementor-element elementor-element-66bf954f elementor-widget elementor-widget-heading\" data-id=\"66bf954f\" data-element_type=\"widget\" data-widget_type=\"heading.default\">\n\t\t\t\t\t<h3 class=\"elementor-heading-title elementor-size-default\">\u00bfQu\u00e9 es 1 Mercado?<\/h3>\t\t\t\t<\/div>\n\t\t<div class=\"elementor-element elementor-element-5a21a4d2 e-con-full e-flex e-con e-child\" data-id=\"5a21a4d2\" data-element_type=\"container\" data-settings=\"{&quot;background_background&quot;:&quot;classic&quot;}\">\n\t\t<div class=\"elementor-element elementor-element-23869a7d e-flex e-con-boxed e-con e-child\" data-id=\"23869a7d\" data-element_type=\"container\">\n\t\t\t\t\t<div class=\"e-con-inner\">\n\t\t<div class=\"elementor-element elementor-element-595b8efb e-con-full e-flex e-con e-child\" data-id=\"595b8efb\" data-element_type=\"container\">\n\t\t\t\t<div class=\"elementor-element elementor-element-28322fa elementor-widget elementor-widget-text-editor\" data-id=\"28322fa\" data-element_type=\"widget\" data-widget_type=\"text-editor.default\">\n\t\t\t\t\t\t\t\t\t<p><strong>1 Mercado es un mercado integral dise\u00f1ado para que compradores y vendedores se conecten. Este mercado est\u00e1 abierto a cualquier persona, desde cualquier lugar. Puedes ser un vendedor individual o una empresa.&nbsp;<\/strong><\/p>\t\t\t\t\t\t\t\t<\/div>\n\t\t\t\t<\/div>\n\t\t<div class=\"elementor-element elementor-element-7b71c8d e-con-full e-flex e-con e-child\" data-id=\"7b71c8d\" data-element_type=\"container\">\n\t\t\t\t<div class=\"elementor-element elementor-element-24432f3 elementor-widget elementor-widget-image\" data-id=\"24432f3\" data-element_type=\"widget\" data-widget_type=\"image.default\">\n\t\t\t\t\t\t\t\t\t\t\t\t\t\t\t<img fetchpriority=\"high\" decoding=\"async\" width=\"640\" height=\"425\" src=\"https:\/\/1mercado.com\/wp-content\/uploads\/2025\/08\/Screenshot-2025-08-01-111207.jpg\" class=\"attachment-large size-large wp-image-293\" alt=\"\" \/>\t\t\t\t\t\t\t\t\t\t\t\t\t\t\t<\/div>\n\t\t\t\t<\/div>\n\t\t\t\t\t<\/div>\n\t\t\t\t<\/div>\n\t\t\t\t<\/div>\n\t\t\t\t<div class=\"elementor-element elementor-element-a8ebc6f elementor-widget elementor-widget-heading\" data-id=\"a8ebc6f\" data-element_type=\"widget\" data-widget_type=\"heading.default\">\n\t\t\t\t\t<h3 class=\"elementor-heading-title elementor-size-default\">\u00bfQu\u00e9 puedo vender en 1 Mercado?<\/h3>\t\t\t\t<\/div>\n\t\t<div class=\"elementor-element elementor-element-3ec8854 e-con-full e-flex e-con e-child\" data-id=\"3ec8854\" data-element_type=\"container\" data-settings=\"{&quot;background_background&quot;:&quot;classic&quot;}\">\n\t\t<div class=\"elementor-element elementor-element-e15a9ff e-flex e-con-boxed e-con e-child\" data-id=\"e15a9ff\" data-element_type=\"container\">\n\t\t\t\t\t<div class=\"e-con-inner\">\n\t\t<div class=\"elementor-element elementor-element-ff90984 e-con-full e-flex e-con e-child\" data-id=\"ff90984\" data-element_type=\"container\">\n\t\t\t\t<div class=\"elementor-element elementor-element-e977c3e elementor-widget elementor-widget-text-editor\" data-id=\"e977c3e\" data-element_type=\"widget\" data-widget_type=\"text-editor.default\">\n\t\t\t\t\t\t\t\t\t<p><strong>-nuevos productos<\/strong><\/p><p><strong>-productos o art\u00edculos usados de los que est\u00e1s intentando deshacerte en casa o que est\u00e1s intentando revender para obtener ganancias<\/strong><\/p><p><strong>-servicios como un servicio empresarial o un servicio independiente<\/strong><\/p>\t\t\t\t\t\t\t\t<\/div>\n\t\t\t\t<\/div>\n\t\t<div class=\"elementor-element elementor-element-8917773 e-con-full e-flex e-con e-child\" data-id=\"8917773\" data-element_type=\"container\">\n\t\t\t\t<div class=\"elementor-element elementor-element-2021b76 elementor-widget elementor-widget-text-editor\" data-id=\"2021b76\" data-element_type=\"widget\" data-widget_type=\"text-editor.default\">\n\t\t\t\t\t\t\t\t\t<p>\u00a0<strong>-contenido como clases <\/strong><\/p><p><strong>-Puedes publicar un producto diciendo que est\u00e1s abierto a trabajar y citar y vender el trabajo como producto.\u00a0<\/strong><\/p><p><strong>-y mucho m\u00e1s: \u00a1usa tu creatividad!<\/strong><\/p>\t\t\t\t\t\t\t\t<\/div>\n\t\t\t\t<\/div>\n\t\t\t\t\t<\/div>\n\t\t\t\t<\/div>\n\t\t\t\t<\/div>\n\t\t\t\t<div class=\"elementor-element elementor-element-390bdf6 elementor-widget elementor-widget-heading\" data-id=\"390bdf6\" data-element_type=\"widget\" data-widget_type=\"heading.default\">\n\t\t\t\t\t<h3 class=\"elementor-heading-title elementor-size-default\">\u00bfEn Qu\u00e9 se Diferencia 1 Mercado de Otros Mercados?<\/h3>\t\t\t\t<\/div>\n\t\t<div class=\"elementor-element elementor-element-7ed7ce0 e-con-full e-flex e-con e-child\" data-id=\"7ed7ce0\" data-element_type=\"container\" data-settings=\"{&quot;background_background&quot;:&quot;classic&quot;}\">\n\t\t<div class=\"elementor-element elementor-element-3420cad e-flex e-con-boxed e-con e-child\" data-id=\"3420cad\" data-element_type=\"container\">\n\t\t\t\t\t<div class=\"e-con-inner\">\n\t\t<div class=\"elementor-element elementor-element-a93887c e-con-full e-flex e-con e-child\" data-id=\"a93887c\" data-element_type=\"container\">\n\t\t\t\t<div class=\"elementor-element elementor-element-82bf5c3 elementor-widget elementor-widget-text-editor\" data-id=\"82bf5c3\" data-element_type=\"widget\" data-widget_type=\"text-editor.default\">\n\t\t\t\t\t\t\t\t\t<p><strong>Ejecutamos una aplicaci\u00f3n llamada PatCnx Dating que tiene usuarios de todo el mundo. Hemos integrado grandes cantidades de espacio publicitario en el feed principal de la aplicaci\u00f3n. \u00a1Promocionaremos cada producto que publiques en 1 Mercado a todos los usuarios de nuestra aplicaci\u00f3n mientras se desplazan por el feed de PatCnx Dating!<\/strong><\/p><p><span style=\"text-decoration: underline;\"><strong>\u00a1Por eso, nosotros hacemos el marketing para usted!<\/strong><\/span><\/p>\t\t\t\t\t\t\t\t<\/div>\n\t\t\t\t<\/div>\n\t\t<div class=\"elementor-element elementor-element-62c7da9 e-con-full e-flex e-con e-child\" data-id=\"62c7da9\" data-element_type=\"container\">\n\t\t\t\t<div class=\"elementor-element elementor-element-508b315 elementor-widget elementor-widget-image\" data-id=\"508b315\" data-element_type=\"widget\" data-no-translation=\"\" data-widget_type=\"image.default\">\n\t\t\t\t\t<style>.elementor-element-508b315{display:none !important}<\/style>\t\t\t\t<\/div>\n\t\t\t\t<div class=\"elementor-element elementor-element-2383b09 elementor-widget elementor-widget-image\" data-id=\"2383b09\" data-element_type=\"widget\" data-no-translation=\"\" data-widget_type=\"image.default\">\n\t\t\t\t\t\t\t\t\t\t\t\t\t\t\t<img decoding=\"async\" width=\"343\" height=\"758\" src=\"https:\/\/1mercado.com\/wp-content\/uploads\/2025\/08\/Screenshot-2025-08-05-152045.jpg\" class=\"attachment-large size-large wp-image-474\" alt=\"\" \/>\t\t\t\t\t\t\t\t\t\t\t\t\t\t\t<\/div>\n\t\t\t\t<\/div>\n\t\t\t\t\t<\/div>\n\t\t\t\t<\/div>\n\t\t\t\t<\/div>\n\t\t\t\t<div class=\"elementor-element elementor-element-a7601d3 elementor-widget elementor-widget-heading\" data-id=\"a7601d3\" data-element_type=\"widget\" data-widget_type=\"heading.default\">\n\t\t\t\t\t<h3 class=\"elementor-heading-title elementor-size-default\">\u00bfC\u00f3mo empiezo a vender?<\/h3>\t\t\t\t<\/div>\n\t\t<div class=\"elementor-element elementor-element-53a56a1 e-con-full e-flex e-con e-child\" data-id=\"53a56a1\" data-element_type=\"container\" data-settings=\"{&quot;background_background&quot;:&quot;classic&quot;}\">\n\t\t<div class=\"elementor-element elementor-element-9c8b34e e-flex e-con-boxed e-con e-child\" data-id=\"9c8b34e\" data-element_type=\"container\">\n\t\t\t\t\t<div class=\"e-con-inner\">\n\t\t<div class=\"elementor-element elementor-element-7601f97 e-con-full e-flex e-con e-child\" data-id=\"7601f97\" data-element_type=\"container\">\n\t\t\t\t<div class=\"elementor-element elementor-element-1db857e elementor-widget elementor-widget-text-editor\" data-id=\"1db857e\" data-element_type=\"widget\" data-widget_type=\"text-editor.default\">\n\t\t\t\t\t\t\t\t\t<p><strong>\u00a1Haga clic en este bot\u00f3n y lea la gu\u00eda de 30 segundos sobre c\u00f3mo empezar a vender! \u2013&gt;&gt;<\/strong><\/p>\t\t\t\t\t\t\t\t<\/div>\n\t\t\t\t<\/div>\n\t\t<div class=\"elementor-element elementor-element-c94e2f4 e-con-full e-flex e-con e-child\" data-id=\"c94e2f4\" data-element_type=\"container\">\n\t\t\t\t<div class=\"elementor-element elementor-element-9b1c749 elementor-mobile-align-center elementor-align-center elementor-widget elementor-widget-button\" data-id=\"9b1c749\" data-element_type=\"widget\" data-no-translation=\"\" data-widget_type=\"button.default\">\n\t\t\t\t\t<style>.elementor-element-9b1c749{display:none !important}<\/style>\t\t\t\t<\/div>\n\t\t\t\t<div class=\"elementor-element elementor-element-6a669b0 elementor-mobile-align-center elementor-align-center elementor-widget elementor-widget-button\" data-id=\"6a669b0\" data-element_type=\"widget\" data-no-translation=\"\" data-widget_type=\"button.default\">\n\t\t\t\t\t\t\t\t\t\t<a class=\"elementor-button elementor-button-link elementor-size-sm\" href=\"https:\/\/1mercado.com\/es\/how-to-start-selling-on-1-mercado-guide\/\" target=\"_blank\">\n\t\t\t\t\t\t<span class=\"elementor-button-content-wrapper\">\n\t\t\t\t\t\t\t\t\t<span class=\"elementor-button-text\">Gu\u00eda Para Empezar a Vender<\/span>\n\t\t\t\t\t<\/span>\n\t\t\t\t\t<\/a>\n\t\t\t\t\t\t\t\t<\/div>\n\t\t\t\t<\/div>\n\t\t\t\t\t<\/div>\n\t\t\t\t<\/div>\n\t\t\t\t<\/div>\n\t\t\t\t<div class=\"elementor-element elementor-element-28e67a1 elementor-widget elementor-widget-heading\" data-id=\"28e67a1\" data-element_type=\"widget\" data-widget_type=\"heading.default\">\n\t\t\t\t\t<h3 class=\"elementor-heading-title elementor-size-default\">\u00bfC\u00f3mo Compro Productos, Servicios y Freelancers?<\/h3>\t\t\t\t<\/div>\n\t\t<div class=\"elementor-element elementor-element-e8a988e e-con-full e-flex e-con e-child\" data-id=\"e8a988e\" data-element_type=\"container\" data-settings=\"{&quot;background_background&quot;:&quot;classic&quot;}\">\n\t\t<div class=\"elementor-element elementor-element-625473e e-flex e-con-boxed e-con e-child\" data-id=\"625473e\" data-element_type=\"container\">\n\t\t\t\t\t<div class=\"e-con-inner\">\n\t\t<div class=\"elementor-element elementor-element-698f3fc e-con-full e-flex e-con e-child\" data-id=\"698f3fc\" data-element_type=\"container\">\n\t\t\t\t<div class=\"elementor-element elementor-element-702bfef elementor-widget elementor-widget-text-editor\" data-id=\"702bfef\" data-element_type=\"widget\" data-widget_type=\"text-editor.default\">\n\t\t\t\t\t\t\t\t\t<p><strong>\u00a1Haz clic en este bot\u00f3n y empieza a comprar! \u2013&gt;&gt;<\/strong><\/p>\t\t\t\t\t\t\t\t<\/div>\n\t\t\t\t<\/div>\n\t\t<div class=\"elementor-element elementor-element-a0693b7 e-con-full e-flex e-con e-child\" data-id=\"a0693b7\" data-element_type=\"container\">\n\t\t\t\t<div class=\"elementor-element elementor-element-d6cca80 elementor-mobile-align-center elementor-align-center elementor-widget elementor-widget-button\" data-id=\"d6cca80\" data-element_type=\"widget\" data-no-translation=\"\" data-widget_type=\"button.default\">\n\t\t\t\t\t<style>.elementor-element-d6cca80{display:none !important}<\/style>\t\t\t\t<\/div>\n\t\t\t\t<div class=\"elementor-element elementor-element-d01eedd elementor-mobile-align-center elementor-align-center elementor-widget elementor-widget-button\" data-id=\"d01eedd\" data-element_type=\"widget\" data-no-translation=\"\" data-widget_type=\"button.default\">\n\t\t\t\t\t\t\t\t\t\t<a class=\"elementor-button elementor-button-link elementor-size-sm\" href=\"https:\/\/1mercado.com\/es\/shop\">\n\t\t\t\t\t\t<span class=\"elementor-button-content-wrapper\">\n\t\t\t\t\t\t\t\t\t<span class=\"elementor-button-text\">Compre Todos Los Productos, Servicios y Aut\u00f3nomos<\/span>\n\t\t\t\t\t<\/span>\n\t\t\t\t\t<\/a>\n\t\t\t\t\t\t\t\t<\/div>\n\t\t\t\t<\/div>\n\t\t\t\t\t<\/div>\n\t\t\t\t<\/div>\n\t\t\t\t<\/div>\n\t\t\t\t<\/div>\n\t\t<div class=\"elementor-element elementor-element-4ff2f95b e-con-full e-flex e-con e-parent\" data-id=\"4ff2f95b\" data-element_type=\"container\">\n\t\t<div class=\"elementor-element elementor-element-355ba6a3 e-con-full e-flex e-con e-child\" data-id=\"355ba6a3\" data-element_type=\"container\">\n\t\t\t\t<div class=\"elementor-element elementor-element-53a22eaf elementor-widget elementor-widget-heading\" data-id=\"53a22eaf\" data-element_type=\"widget\" data-widget_type=\"heading.default\">\n\t\t\t\t\t<h6 class=\"elementor-heading-title elementor-size-default\">Latest products<\/h6>\t\t\t\t<\/div>\n\t\t\t\t<div class=\"elementor-element elementor-element-24df0219 elementor-align-right elementor-widget elementor-widget-button\" data-id=\"24df0219\" data-element_type=\"widget\" data-widget_type=\"button.default\">\n\t\t\t\t\t\t\t\t\t\t<a class=\"elementor-button elementor-button-link elementor-size-sm\" href=\"#\">\n\t\t\t\t\t\t<span class=\"elementor-button-content-wrapper\">\n\t\t\t\t\t\t<span class=\"elementor-button-icon\">\n\t\t\t\t<svg aria-hidden=\"true\" class=\"e-font-icon-svg e-fas-long-arrow-alt-right\" viewbox=\"0 0 448 512\" xmlns=\"http:\/\/www.w3.org\/2000\/svg\"><path d=\"M313.941 216H12c-6.627 0-12 5.373-12 12v56c0 6.627 5.373 12 12 12h301.941v46.059c0 21.382 25.851 32.09 40.971 16.971l86.059-86.059c9.373-9.373 9.373-24.569 0-33.941l-86.059-86.059c-15.119-15.119-40.971-4.411-40.971 16.971V216z\"><\/path><\/svg>\t\t\t<\/span>\n\t\t\t\t\t\t\t\t\t<span class=\"elementor-button-text\">View all<\/span>\n\t\t\t\t\t<\/span>\n\t\t\t\t\t<\/a>\n\t\t\t\t\t\t\t\t<\/div>\n\t\t\t\t<div class=\"elementor-element elementor-element-1aed4c6c elementor-widget__width-inherit elementor-widget-divider--view-line elementor-widget elementor-widget-divider\" data-id=\"1aed4c6c\" data-element_type=\"widget\" data-widget_type=\"divider.default\">\n\t\t\t\t\t\t\t<div class=\"elementor-divider\">\n\t\t\t<span class=\"elementor-divider-separator\">\n\t\t\t\t\t\t<\/span>\n\t\t<\/div>\n\t\t\t\t\t\t<\/div>\n\t\t\t\t<div class=\"elementor-element elementor-element-1c49888c elementor-widget-tablet__width-inherit elementor-widget elementor-widget-shortcode\" data-id=\"1c49888c\" data-element_type=\"widget\" data-widget_type=\"shortcode.default\">\n\t\t\t\t\t\t\t<div class=\"elementor-shortcode\"><div class=\"woocommerce columns-4\"><div class=\"solace-shortcode-wc\"><ul class=\"products columns-4\">\n<li class=\"product type-product post-556 status-publish first instock product_cat-asistente-virtual product_cat-busco-trabajo product_cat-technology has-post-thumbnail sale virtual taxable purchasable product-type-simple\">\n\t<div class=\"nv-card-content-wrapper\"><a href=\"https:\/\/1mercado.com\/es\/producto\/%e2%9c%85-gestion-de-agenda-correos-y-calendario-%e2%9c%85-organizacion-de-datos-y-contactos-%e2%9c%85-entrada-de-datos-y-soporte-administrativo-general-%e2%9c%85-traduccion-de-textos-al-ingles-desd\/\" class=\"woocommerce-LoopProduct-link woocommerce-loop-product__link\"><div class=\"sp-product-image\"><div class=\"img-wrap\">\n\t<span class=\"onsale badge-1\">Sale!<\/span>\n\t<img decoding=\"async\" width=\"300\" height=\"300\" src=\"https:\/\/1mercado.com\/wp-content\/uploads\/2025\/08\/imagen-trabajando-desde-casa.png\" class=\"attachment-woocommerce_thumbnail size-woocommerce_thumbnail\" alt=\"\u2705 Gesti\u00f3n de agenda, correos y calendario \u2705 Organizaci\u00f3n de datos y contactos \u2705 Entrada de datos y soporte administrativo general \u2705 Traducci\u00f3n de textos al ingl\u00e9s (desde espa\u00f1ol o italiano)\" \/><\/div><\/div><h5 class=\"woocommerce-loop-product__title\">\u2705 Gesti\u00f3n de agenda, correos y calendario \u2705 Organizaci\u00f3n de datos y contactos \u2705 Entrada de datos y soporte administrativo general \u2705 Traducci\u00f3n de textos al ingl\u00e9s (desde espa\u00f1ol o italiano)<\/h5>\n\t<span class=\"price\"><del aria-hidden=\"true\"><span class=\"woocommerce-Price-amount amount\"><bdi><span class=\"woocommerce-Price-currencySymbol\">&#36;<\/span>30.00<\/bdi><\/span><\/del> <span class=\"screen-reader-text\" data-no-translation=\"\" data-trp-gettext=\"\">Original price was: &#036;30.00.<\/span><ins aria-hidden=\"true\"><span class=\"woocommerce-Price-amount amount\"><bdi><span class=\"woocommerce-Price-currencySymbol\">&#36;<\/span>25.00<\/bdi><\/span><\/ins><span class=\"screen-reader-text\" data-no-translation=\"\" data-trp-gettext=\"\">Current price is: &#036;25.00.<\/span><\/span>\n<\/a><a href=\"\/es\/wp-json\/wp\/v2\/pages\/76?add-to-cart=556\" aria-describedby=\"woocommerce_loop_add_to_cart_link_describedby_556\" data-quantity=\"1\" class=\"button product_type_simple add_to_cart_button ajax_add_to_cart\" data-product_id=\"556\" data-product_sku=\"\" aria-label=\"A\u00f1adir al carrito: \u201c\u2705 Gesti\u00f3n de agenda, correos y calendario \u2705 Organizaci\u00f3n de datos y contactos \u2705 Entrada de datos y soporte administrativo general \u2705 Traducci\u00f3n de textos al ingl\u00e9s (desde espa\u00f1ol o italiano)\u201d\" rel=\"nofollow\" data-success_message=\"\u201c\u2705 Gesti\u00f3n de agenda, correos y calendario \u2705 Organizaci\u00f3n de datos y contactos \u2705 Entrada de datos y soporte administrativo general \u2705 Traducci\u00f3n de textos al ingl\u00e9s (desde espa\u00f1ol o italiano)\u201d has been added to your cart\" role=\"button\" data-no-translation=\"\" data-trp-gettext=\"\" data-no-translation-aria-label=\"\" data-no-translation-data-success_message=\"\">A\u00f1adir al carrito<\/a>\t<span id=\"woocommerce_loop_add_to_cart_link_describedby_556\" class=\"screen-reader-text\">\n\t\t\t<\/span>\n<\/div><\/li>\n<li class=\"product type-product post-662 status-publish instock product_cat-uncategorized has-post-thumbnail taxable shipping-taxable purchasable product-type-simple\">\n\t<div class=\"nv-card-content-wrapper\"><a href=\"https:\/\/1mercado.com\/es\/producto\/anunciese-en-patcnx-citas-por-1-mes\/\" class=\"woocommerce-LoopProduct-link woocommerce-loop-product__link\"><div class=\"sp-product-image\"><div class=\"img-wrap\"><img loading=\"lazy\" decoding=\"async\" width=\"300\" height=\"200\" src=\"https:\/\/1mercado.com\/wp-content\/uploads\/2025\/10\/4515928604.jpg\" class=\"attachment-woocommerce_thumbnail size-woocommerce_thumbnail\" alt=\"An\u00fanciese en PatCnx Citas por 1 mes\" \/><\/div><\/div><h5 class=\"woocommerce-loop-product__title\">An\u00fanciese en PatCnx Citas por 1 mes<\/h5>\n\t<span class=\"price\"><span class=\"woocommerce-Price-amount amount\"><bdi><span class=\"woocommerce-Price-currencySymbol\">&#36;<\/span>1.00<\/bdi><\/span><\/span>\n<\/a><a href=\"\/es\/wp-json\/wp\/v2\/pages\/76?add-to-cart=662\" aria-describedby=\"woocommerce_loop_add_to_cart_link_describedby_662\" data-quantity=\"1\" class=\"button product_type_simple add_to_cart_button ajax_add_to_cart\" data-product_id=\"662\" data-product_sku=\"\" aria-label=\"A\u00f1adir al carrito: \u201cAn\u00fanciese en PatCnx Citas por 1 mes\u201d\" rel=\"nofollow\" data-success_message=\"\u201cAn\u00fanciese en PatCnx Citas por 1 mes\u201d has been added to your cart\" role=\"button\" data-no-translation=\"\" data-trp-gettext=\"\" data-no-translation-aria-label=\"\" data-no-translation-data-success_message=\"\">A\u00f1adir al carrito<\/a>\t<span id=\"woocommerce_loop_add_to_cart_link_describedby_662\" class=\"screen-reader-text\">\n\t\t\t<\/span>\n<\/div><\/li>\n<li class=\"product type-product post-664 status-publish instock product_cat-uncategorized has-post-thumbnail taxable shipping-taxable purchasable product-type-simple\">\n\t<div class=\"nv-card-content-wrapper\"><a href=\"https:\/\/1mercado.com\/es\/producto\/anunciese-en-patcnx-citas-por-1-ano\/\" class=\"woocommerce-LoopProduct-link woocommerce-loop-product__link\"><div class=\"sp-product-image\"><div class=\"img-wrap\"><img loading=\"lazy\" decoding=\"async\" width=\"300\" height=\"200\" src=\"https:\/\/1mercado.com\/wp-content\/uploads\/2025\/10\/4515928604.jpg\" class=\"attachment-woocommerce_thumbnail size-woocommerce_thumbnail\" alt=\"An\u00fanciese en PatCnx Citas por 1 ano\" \/><\/div><\/div><h5 class=\"woocommerce-loop-product__title\">An\u00fanciese en PatCnx Citas por 1 ano<\/h5>\n\t<span class=\"price\"><span class=\"woocommerce-Price-amount amount\"><bdi><span class=\"woocommerce-Price-currencySymbol\">&#36;<\/span>10.00<\/bdi><\/span><\/span>\n<\/a><a href=\"\/es\/wp-json\/wp\/v2\/pages\/76?add-to-cart=664\" aria-describedby=\"woocommerce_loop_add_to_cart_link_describedby_664\" data-quantity=\"1\" class=\"button product_type_simple add_to_cart_button ajax_add_to_cart\" data-product_id=\"664\" data-product_sku=\"\" aria-label=\"A\u00f1adir al carrito: \u201cAn\u00fanciese en PatCnx Citas por 1 ano\u201d\" rel=\"nofollow\" data-success_message=\"\u201cAn\u00fanciese en PatCnx Citas por 1 ano\u201d has been added to your cart\" role=\"button\" data-no-translation=\"\" data-trp-gettext=\"\" data-no-translation-aria-label=\"\" data-no-translation-data-success_message=\"\">A\u00f1adir al carrito<\/a>\t<span id=\"woocommerce_loop_add_to_cart_link_describedby_664\" class=\"screen-reader-text\">\n\t\t\t<\/span>\n<\/div><\/li>\n<li class=\"product type-product post-673 status-publish last instock product_cat-uncategorized has-post-thumbnail taxable shipping-taxable product-type-simple\">\n\t<div class=\"nv-card-content-wrapper\"><a href=\"https:\/\/1mercado.com\/es\/producto\/gorro-de-punto-con-puno-afton-premium-unisex-para-hombre-o-mujer-en-excelente-estado-color-negro\/\" class=\"woocommerce-LoopProduct-link woocommerce-loop-product__link\"><div class=\"sp-product-image\"><div class=\"img-wrap\"><img loading=\"lazy\" decoding=\"async\" width=\"260\" height=\"300\" src=\"https:\/\/1mercado.com\/wp-content\/uploads\/2025\/12\/Screenshot-2025-12-05-181912.jpg\" class=\"attachment-woocommerce_thumbnail size-woocommerce_thumbnail\" alt=\"Gorro de punto con pu\u00f1o Afton Premium, unisex (para hombre o mujer), en excelente estado, color negro\" \/><\/div><\/div><h5 class=\"woocommerce-loop-product__title\">Gorro de punto con pu\u00f1o Afton Premium, unisex (para hombre o mujer), en excelente estado, color negro<\/h5>\n<\/a><a href=\"https:\/\/1mercado.com\/es\/producto\/gorro-de-punto-con-puno-afton-premium-unisex-para-hombre-o-mujer-en-excelente-estado-color-negro\/\" aria-describedby=\"woocommerce_loop_add_to_cart_link_describedby_673\" data-quantity=\"1\" class=\"button product_type_simple\" data-product_id=\"673\" data-product_sku=\"\" aria-label=\"Lee m\u00e1s sobre \u201cGorro de punto con pu\u00f1o Afton Premium, unisex (para hombre o mujer), en excelente estado, color negro\u201d\" rel=\"nofollow\" data-success_message=\"\" data-no-translation=\"\" data-trp-gettext=\"\" data-no-translation-aria-label=\"\">Leer m\u00e1s<\/a>\t<span id=\"woocommerce_loop_add_to_cart_link_describedby_673\" class=\"screen-reader-text\">\n\t\t\t<\/span>\n<\/div><\/li>\n<li class=\"product type-product post-677 status-publish first instock product_cat-uncategorized has-post-thumbnail taxable shipping-taxable purchasable product-type-simple\">\n\t<div class=\"nv-card-content-wrapper\"><a href=\"https:\/\/1mercado.com\/es\/producto\/advertise-on-patcnx-dating-for-3-months\/\" class=\"woocommerce-LoopProduct-link woocommerce-loop-product__link\"><div class=\"sp-product-image\"><div class=\"img-wrap\"><img loading=\"lazy\" decoding=\"async\" width=\"300\" height=\"200\" src=\"https:\/\/1mercado.com\/wp-content\/uploads\/2025\/10\/4515928604.jpg\" class=\"attachment-woocommerce_thumbnail size-woocommerce_thumbnail\" alt=\"Advertise on PatCnx Dating for 3 months\" \/><\/div><\/div><h5 class=\"woocommerce-loop-product__title\">Advertise on PatCnx Dating for 3 months<\/h5>\n\t<span class=\"price\"><span class=\"woocommerce-Price-amount amount\"><bdi><span class=\"woocommerce-Price-currencySymbol\">&#36;<\/span>5.00<\/bdi><\/span><\/span>\n<\/a><a href=\"\/es\/wp-json\/wp\/v2\/pages\/76?add-to-cart=677\" aria-describedby=\"woocommerce_loop_add_to_cart_link_describedby_677\" data-quantity=\"1\" class=\"button product_type_simple add_to_cart_button ajax_add_to_cart\" data-product_id=\"677\" data-product_sku=\"\" aria-label=\"A\u00f1adir al carrito: \u201cAdvertise on PatCnx Dating for 3 months\u201d\" rel=\"nofollow\" data-success_message=\"\u201cAdvertise on PatCnx Dating for 3 months\u201d has been added to your cart\" role=\"button\" data-no-translation=\"\" data-trp-gettext=\"\" data-no-translation-aria-label=\"\" data-no-translation-data-success_message=\"\">A\u00f1adir al carrito<\/a>\t<span id=\"woocommerce_loop_add_to_cart_link_describedby_677\" class=\"screen-reader-text\">\n\t\t\t<\/span>\n<\/div><\/li>\n<\/ul>\n<\/div><\/div><\/div>\n\t\t\t\t\t\t<\/div>\n\t\t\t\t<\/div>\n\t\t\t\t<\/div>\n\t\t\t\t<\/div>","protected":false},"excerpt":{"rendered":"<p>What is 1 Mercado? 1 Mercado is a one stop marketplace that is intended for buyers and sellers to connect.&nbsp; This marketplace is open to ANYBODY from any location.&nbsp; You can be an individual seller or a business.&nbsp; What can I sell on 1 Mercado? -new products -used products or items that you are trying<\/p>","protected":false},"author":1,"featured_media":0,"parent":0,"menu_order":0,"comment_status":"closed","ping_status":"closed","template":"elementor_header_footer","meta":{"solace_meta_sidebar":"","solace_meta_container":"","solace_meta_enable_content_width":"","solace_meta_content_width":0,"solace_meta_title_alignment":"","solace_meta_author_avatar":"","solace_post_elements_order":"","solace_meta_disable_header":"","solace_meta_disable_footer":"","solace_meta_disable_title":"","iawp_total_views":1132,"footnotes":""},"class_list":["post-76","page","type-page","status-publish","hentry"],"_links":{"self":[{"href":"https:\/\/1mercado.com\/es\/wp-json\/wp\/v2\/pages\/76","targetHints":{"allow":["GET"]}}],"collection":[{"href":"https:\/\/1mercado.com\/es\/wp-json\/wp\/v2\/pages"}],"about":[{"href":"https:\/\/1mercado.com\/es\/wp-json\/wp\/v2\/types\/page"}],"author":[{"embeddable":true,"href":"https:\/\/1mercado.com\/es\/wp-json\/wp\/v2\/users\/1"}],"replies":[{"embeddable":true,"href":"https:\/\/1mercado.com\/es\/wp-json\/wp\/v2\/comments?post=76"}],"version-history":[{"count":100,"href":"https:\/\/1mercado.com\/es\/wp-json\/wp\/v2\/pages\/76\/revisions"}],"predecessor-version":[{"id":654,"href":"https:\/\/1mercado.com\/es\/wp-json\/wp\/v2\/pages\/76\/revisions\/654"}],"wp:attachment":[{"href":"https:\/\/1mercado.com\/es\/wp-json\/wp\/v2\/media?parent=76"}],"curies":[{"name":"wp","href":"https:\/\/api.w.org\/{rel}","templated":true}]}}