{"id":556,"date":"2025-08-06T18:44:34","date_gmt":"2025-08-06T18:44:34","guid":{"rendered":"https:\/\/silver-turkey-394401.hostingersite.com\/es\/?post_type=product&#038;p=556"},"modified":"2025-08-17T16:45:03","modified_gmt":"2025-08-17T16:45:03","slug":"%e2%9c%85-gestion-de-agenda-correos-y-calendario-%e2%9c%85-organizacion-de-datos-y-contactos-%e2%9c%85-entrada-de-datos-y-soporte-administrativo-general-%e2%9c%85-traduccion-de-textos-al-ingles-desd","status":"publish","type":"product","link":"https:\/\/1mercado.com\/es\/producto\/%e2%9c%85-gestion-de-agenda-correos-y-calendario-%e2%9c%85-organizacion-de-datos-y-contactos-%e2%9c%85-entrada-de-datos-y-soporte-administrativo-general-%e2%9c%85-traduccion-de-textos-al-ingles-desd\/","title":{"rendered":"\u2705 Gesti\u00f3n de agenda, correos y calendario \u2705 Organizaci\u00f3n de datos y contactos \u2705 Entrada de datos y soporte administrativo general \u2705 Traducci\u00f3n de textos al ingl\u00e9s (desde espa\u00f1ol o italiano)"},"content":{"rendered":"<p>&#8220;Asistente virtual dedicada a la productividad. Me encargo de las tareas administrativas y la gesti\u00f3n de proyectos para que t\u00fa puedas enfocarte en tu visi\u00f3n de negocio.&#8221;<\/p>","protected":false},"excerpt":{"rendered":"<p>&#8220;Soy Ruth Mota, asistente virtual. Ayudo a empresarios y due\u00f1os de negocios a liberar su tiempo para que puedan concentrarse en lo que realmente importa: hacer crecer su empresa.&#8221;<\/p>","protected":false},"featured_media":557,"comment_status":"open","ping_status":"closed","template":"","meta":{"solace_meta_sidebar":"","solace_meta_container":"","solace_meta_enable_content_width":"off","solace_meta_content_width":100,"solace_meta_title_alignment":"","solace_meta_author_avatar":"","solace_post_elements_order":"","solace_meta_disable_header":"","solace_meta_disable_footer":"","solace_meta_disable_title":"","iawp_total_views":30},"product_brand":[],"product_cat":[31,34,27],"product_tag":[],"class_list":{"0":"post-556","1":"product","2":"type-product","3":"status-publish","4":"has-post-thumbnail","6":"product_cat-asistente-virtual","7":"product_cat-busco-trabajo","8":"product_cat-technology","10":"first","11":"instock","12":"sale","13":"virtual","14":"taxable","15":"purchasable","16":"product-type-simple"},"_links":{"self":[{"href":"https:\/\/1mercado.com\/es\/wp-json\/wp\/v2\/product\/556","targetHints":{"allow":["GET"]}}],"collection":[{"href":"https:\/\/1mercado.com\/es\/wp-json\/wp\/v2\/product"}],"about":[{"href":"https:\/\/1mercado.com\/es\/wp-json\/wp\/v2\/types\/product"}],"replies":[{"embeddable":true,"href":"https:\/\/1mercado.com\/es\/wp-json\/wp\/v2\/comments?post=556"}],"wp:featuredmedia":[{"embeddable":true,"href":"https:\/\/1mercado.com\/es\/wp-json\/wp\/v2\/media\/557"}],"wp:attachment":[{"href":"https:\/\/1mercado.com\/es\/wp-json\/wp\/v2\/media?parent=556"}],"wp:term":[{"taxonomy":"product_brand","embeddable":true,"href":"https:\/\/1mercado.com\/es\/wp-json\/wp\/v2\/product_brand?post=556"},{"taxonomy":"product_cat","embeddable":true,"href":"https:\/\/1mercado.com\/es\/wp-json\/wp\/v2\/product_cat?post=556"},{"taxonomy":"product_tag","embeddable":true,"href":"https:\/\/1mercado.com\/es\/wp-json\/wp\/v2\/product_tag?post=556"}],"curies":[{"name":"wp","href":"https:\/\/api.w.org\/{rel}","templated":true}]}}